{"id":52133,"date":"2025-03-15T14:20:03","date_gmt":"2025-03-15T16:20:03","guid":{"rendered":"https:\/\/www.rastinetroba.lt\/?page_id=52133"},"modified":"2025-03-16T11:01:48","modified_gmt":"2025-03-16T13:01:48","slug":"galerija","status":"publish","type":"page","link":"https:\/\/www.rastinetroba.lt\/en\/galerija\/","title":{"rendered":"Galerija"},"content":{"rendered":"<div class=\"wp-block-group is-layout-grid wp-container-core-group-is-layout-3 wp-block-group-is-layout-grid\">\n<div class=\"wp-block-cover is-light\"><span aria-hidden=\"true\" class=\"wp-block-cover__background has-background-dim-0 has-background-dim\" style=\"background-color:#92949b\"><\/span><img loading=\"lazy\" decoding=\"async\" width=\"2560\" height=\"1920\" class=\"wp-block-cover__image-background wp-image-52135\" alt=\"\" src=\"https:\/\/www.rastinetroba.lt\/wp-content\/uploads\/galerija-1-scaled.jpg\" style=\"object-position:54% 50%\" data-object-fit=\"cover\" data-object-position=\"54% 50%\" srcset=\"https:\/\/www.rastinetroba.lt\/wp-content\/uploads\/galerija-1-scaled.jpg 2560w, https:\/\/www.rastinetroba.lt\/wp-content\/uploads\/galerija-1-300x225.jpg 300w, https:\/\/www.rastinetroba.lt\/wp-content\/uploads\/galerija-1-1024x768.jpg 1024w, https:\/\/www.rastinetroba.lt\/wp-content\/uploads\/galerija-1-768x576.jpg 768w, https:\/\/www.rastinetroba.lt\/wp-content\/uploads\/galerija-1-1536x1152.jpg 1536w, https:\/\/www.rastinetroba.lt\/wp-content\/uploads\/galerija-1-2048x1536.jpg 2048w, https:\/\/www.rastinetroba.lt\/wp-content\/uploads\/galerija-1-16x12.jpg 16w\" sizes=\"auto, (max-width: 2560px) 100vw, 2560px\" \/><div class=\"wp-block-cover__inner-container has-global-padding is-layout-constrained wp-block-cover-is-layout-constrained\">\n<div class=\"wp-block-group has-global-padding is-layout-constrained wp-container-core-group-is-layout-1 wp-block-group-is-layout-constrained\" style=\"padding-right:0;padding-left:0\">\n<p class=\"has-text-align-center has-contrast-light-color has-text-color has-link-color has-superbfont-large-font-size wp-elements-a4942410d064b3f6e263b89c3767cb26\"><a href=\"https:\/\/www.rastinetroba.lt\/en\/galerija-norvegija\/\">WORKS IN<\/a><\/p>\n\n\n\n<p class=\"has-text-align-center has-contrast-light-color has-text-color has-link-color has-superbfont-large-font-size wp-elements-7800e9c0ca8e4a46ff1f70f7047ca3f7\"><a href=\"https:\/\/www.rastinetroba.lt\/en\/galerija-norvegija\/\"><strong>NORWAY<\/strong><\/a><\/p>\n<\/div>\n<\/div><\/div>\n\n\n\n<div class=\"wp-block-cover is-light\"><span aria-hidden=\"true\" class=\"wp-block-cover__background has-background-dim-0 has-background-dim\" style=\"background-color:#b8a392\"><\/span><img loading=\"lazy\" decoding=\"async\" width=\"2560\" height=\"1920\" class=\"wp-block-cover__image-background wp-image-52137\" alt=\"\" src=\"https:\/\/www.rastinetroba.lt\/wp-content\/uploads\/galerija-2-scaled.jpg\" data-object-fit=\"cover\" srcset=\"https:\/\/www.rastinetroba.lt\/wp-content\/uploads\/galerija-2-scaled.jpg 2560w, https:\/\/www.rastinetroba.lt\/wp-content\/uploads\/galerija-2-300x225.jpg 300w, https:\/\/www.rastinetroba.lt\/wp-content\/uploads\/galerija-2-1024x768.jpg 1024w, https:\/\/www.rastinetroba.lt\/wp-content\/uploads\/galerija-2-768x576.jpg 768w, https:\/\/www.rastinetroba.lt\/wp-content\/uploads\/galerija-2-1536x1152.jpg 1536w, https:\/\/www.rastinetroba.lt\/wp-content\/uploads\/galerija-2-2048x1536.jpg 2048w, https:\/\/www.rastinetroba.lt\/wp-content\/uploads\/galerija-2-16x12.jpg 16w\" sizes=\"auto, (max-width: 2560px) 100vw, 2560px\" \/><div class=\"wp-block-cover__inner-container has-global-padding is-layout-constrained wp-block-cover-is-layout-constrained\">\n<div class=\"wp-block-group has-global-padding is-layout-constrained wp-container-core-group-is-layout-2 wp-block-group-is-layout-constrained\" style=\"padding-right:0;padding-left:0\">\n<p class=\"has-text-align-center has-contrast-light-color has-text-color has-link-color has-superbfont-large-font-size wp-elements-cb92ec3a883f281f74e9f68a68385e37\"><a href=\"https:\/\/www.rastinetroba.lt\/en\/galerija-lietuva\/\">WORKS IN<\/a><\/p>\n\n\n\n<p class=\"has-text-align-center has-contrast-light-color has-text-color has-link-color has-superbfont-large-font-size wp-elements-fde773ad9eddcfc202f8875cb42a5c80\"><a href=\"https:\/\/www.rastinetroba.lt\/en\/galerija-lietuva\/\"><strong>LITHUANIA<\/strong><\/a><\/p>\n<\/div>\n<\/div><\/div>\n<\/div>\n\n\n\n<div class=\"wp-block-cover\"><span aria-hidden=\"true\" class=\"wp-block-cover__background has-background-dim-0 has-background-dim\" style=\"background-color:#63625b\"><\/span><img loading=\"lazy\" decoding=\"async\" width=\"2560\" height=\"1920\" class=\"wp-block-cover__image-background wp-image-52143\" alt=\"\" src=\"https:\/\/www.rastinetroba.lt\/wp-content\/uploads\/galerija-3-scaled.jpg\" data-object-fit=\"cover\" srcset=\"https:\/\/www.rastinetroba.lt\/wp-content\/uploads\/galerija-3-scaled.jpg 2560w, https:\/\/www.rastinetroba.lt\/wp-content\/uploads\/galerija-3-300x225.jpg 300w, https:\/\/www.rastinetroba.lt\/wp-content\/uploads\/galerija-3-1024x768.jpg 1024w, https:\/\/www.rastinetroba.lt\/wp-content\/uploads\/galerija-3-768x576.jpg 768w, https:\/\/www.rastinetroba.lt\/wp-content\/uploads\/galerija-3-1536x1152.jpg 1536w, https:\/\/www.rastinetroba.lt\/wp-content\/uploads\/galerija-3-2048x1536.jpg 2048w, https:\/\/www.rastinetroba.lt\/wp-content\/uploads\/galerija-3-16x12.jpg 16w\" sizes=\"auto, (max-width: 2560px) 100vw, 2560px\" \/><div class=\"wp-block-cover__inner-container has-global-padding is-layout-constrained wp-block-cover-is-layout-constrained\">\n<div class=\"wp-block-group has-global-padding is-layout-constrained wp-container-core-group-is-layout-4 wp-block-group-is-layout-constrained\" style=\"padding-right:0;padding-left:0\">\n<p class=\"has-text-align-center has-contrast-light-color has-text-color has-link-color has-superbfont-large-font-size wp-elements-0d8d9e7ad96142401945ff1293d28f2d\"><a href=\"https:\/\/www.rastinetroba.lt\/en\/galerija-dirbtuves\/\">WORKSHOP<\/a><\/p>\n<\/div>\n<\/div><\/div>\n\n\n\n<hr class=\"wp-block-separator has-text-color has-alpha-channel-opacity has-background is-style-wide\" style=\"margin-top:var(--wp--preset--spacing--superbspacing-xlarge);margin-bottom:var(--wp--preset--spacing--superbspacing-medium);background-color:#898989;color:#898989\"\/>","protected":false},"excerpt":{"rendered":"","protected":false},"author":1,"featured_media":0,"parent":0,"menu_order":0,"comment_status":"closed","ping_status":"closed","template":"","meta":{"footnotes":""},"class_list":["post-52133","page","type-page","status-publish","hentry"],"yoast_head":"<!-- This site is optimized with the Yoast SEO plugin v24.6 - https:\/\/yoast.com\/wordpress\/plugins\/seo\/ -->\n<title>Galerija - R\u0105stiniai namai<\/title>\n<meta name=\"description\" content=\"Statome \u012fvairius r\u0105stinius namus Lietuvoje ir Norvegijoje.\" \/>\n<meta name=\"robots\" content=\"index, follow, max-snippet:-1, max-image-preview:large, max-video-preview:-1\" \/>\n<link rel=\"canonical\" href=\"https:\/\/www.rastinetroba.lt\/en\/galerija\/\" \/>\n<meta property=\"og:locale\" content=\"en_US\" \/>\n<meta property=\"og:type\" content=\"article\" \/>\n<meta property=\"og:title\" content=\"Galerija - R\u0105stiniai namai\" \/>\n<meta property=\"og:description\" content=\"Statome \u012fvairius r\u0105stinius namus Lietuvoje ir Norvegijoje.\" \/>\n<meta property=\"og:url\" content=\"https:\/\/www.rastinetroba.lt\/en\/galerija\/\" \/>\n<meta property=\"og:site_name\" content=\"R\u0105stiniai namai\" \/>\n<meta property=\"article:publisher\" content=\"https:\/\/www.facebook.com\/profile.php?id=100054338569781\" \/>\n<meta property=\"article:modified_time\" content=\"2025-03-16T13:01:48+00:00\" \/>\n<meta property=\"og:image\" content=\"https:\/\/www.rastinetroba.lt\/wp-content\/uploads\/galerija-1-scaled.jpg\" \/>\n\t<meta property=\"og:image:width\" content=\"2560\" \/>\n\t<meta property=\"og:image:height\" content=\"1920\" \/>\n\t<meta property=\"og:image:type\" content=\"image\/jpeg\" \/>\n<meta name=\"twitter:card\" content=\"summary_large_image\" \/>\n<meta name=\"twitter:label1\" content=\"Est. reading time\" \/>\n\t<meta name=\"twitter:data1\" content=\"1 minute\" \/>\n<script type=\"application\/ld+json\" class=\"yoast-schema-graph\">{\"@context\":\"https:\/\/schema.org\",\"@graph\":[{\"@type\":\"WebPage\",\"@id\":\"https:\/\/www.rastinetroba.lt\/galerija\/\",\"url\":\"https:\/\/www.rastinetroba.lt\/galerija\/\",\"name\":\"Galerija - R\u0105stiniai namai\",\"isPartOf\":{\"@id\":\"https:\/\/www.rastinetroba.lt\/#website\"},\"primaryImageOfPage\":{\"@id\":\"https:\/\/www.rastinetroba.lt\/galerija\/#primaryimage\"},\"image\":{\"@id\":\"https:\/\/www.rastinetroba.lt\/galerija\/#primaryimage\"},\"thumbnailUrl\":\"https:\/\/www.rastinetroba.lt\/wp-content\/uploads\/galerija-1-scaled.jpg\",\"datePublished\":\"2025-03-15T16:20:03+00:00\",\"dateModified\":\"2025-03-16T13:01:48+00:00\",\"description\":\"Statome \u012fvairius r\u0105stinius namus Lietuvoje ir Norvegijoje.\",\"breadcrumb\":{\"@id\":\"https:\/\/www.rastinetroba.lt\/galerija\/#breadcrumb\"},\"inLanguage\":\"en-US\",\"potentialAction\":[{\"@type\":\"ReadAction\",\"target\":[\"https:\/\/www.rastinetroba.lt\/galerija\/\"]}]},{\"@type\":\"ImageObject\",\"inLanguage\":\"en-US\",\"@id\":\"https:\/\/www.rastinetroba.lt\/galerija\/#primaryimage\",\"url\":\"https:\/\/www.rastinetroba.lt\/wp-content\/uploads\/galerija-1-scaled.jpg\",\"contentUrl\":\"https:\/\/www.rastinetroba.lt\/wp-content\/uploads\/galerija-1-scaled.jpg\"},{\"@type\":\"BreadcrumbList\",\"@id\":\"https:\/\/www.rastinetroba.lt\/galerija\/#breadcrumb\",\"itemListElement\":[{\"@type\":\"ListItem\",\"position\":1,\"name\":\"Home\",\"item\":\"https:\/\/www.rastinetroba.lt\/\"},{\"@type\":\"ListItem\",\"position\":2,\"name\":\"Galerija\"}]},{\"@type\":\"WebSite\",\"@id\":\"https:\/\/www.rastinetroba.lt\/#website\",\"url\":\"https:\/\/www.rastinetroba.lt\/\",\"name\":\"R\u0105stiniai namai\",\"description\":\"R\u0105stiniai namai\",\"publisher\":{\"@id\":\"https:\/\/www.rastinetroba.lt\/#organization\"},\"potentialAction\":[{\"@type\":\"SearchAction\",\"target\":{\"@type\":\"EntryPoint\",\"urlTemplate\":\"https:\/\/www.rastinetroba.lt\/?s={search_term_string}\"},\"query-input\":{\"@type\":\"PropertyValueSpecification\",\"valueRequired\":true,\"valueName\":\"search_term_string\"}}],\"inLanguage\":\"en-US\"},{\"@type\":\"Organization\",\"@id\":\"https:\/\/www.rastinetroba.lt\/#organization\",\"name\":\"R\u0105stiniai namai\",\"url\":\"https:\/\/www.rastinetroba.lt\/\",\"logo\":{\"@type\":\"ImageObject\",\"inLanguage\":\"en-US\",\"@id\":\"https:\/\/www.rastinetroba.lt\/#\/schema\/logo\/image\/\",\"url\":\"https:\/\/www.rastinetroba.lt\/wp-content\/uploads\/logo.png\",\"contentUrl\":\"https:\/\/www.rastinetroba.lt\/wp-content\/uploads\/logo.png\",\"width\":130,\"height\":130,\"caption\":\"R\u0105stiniai namai\"},\"image\":{\"@id\":\"https:\/\/www.rastinetroba.lt\/#\/schema\/logo\/image\/\"},\"sameAs\":[\"https:\/\/www.facebook.com\/profile.php?id=100054338569781\"]}]}<\/script>\n<!-- \/ Yoast SEO plugin. -->","yoast_head_json":{"title":"Galerija - R\u0105stiniai namai","description":"Statome \u012fvairius r\u0105stinius namus Lietuvoje ir Norvegijoje.","robots":{"index":"index","follow":"follow","max-snippet":"max-snippet:-1","max-image-preview":"max-image-preview:large","max-video-preview":"max-video-preview:-1"},"canonical":"https:\/\/www.rastinetroba.lt\/en\/galerija\/","og_locale":"en_US","og_type":"article","og_title":"Galerija - R\u0105stiniai namai","og_description":"Statome \u012fvairius r\u0105stinius namus Lietuvoje ir Norvegijoje.","og_url":"https:\/\/www.rastinetroba.lt\/en\/galerija\/","og_site_name":"R\u0105stiniai namai","article_publisher":"https:\/\/www.facebook.com\/profile.php?id=100054338569781","article_modified_time":"2025-03-16T13:01:48+00:00","og_image":[{"width":2560,"height":1920,"url":"https:\/\/www.rastinetroba.lt\/wp-content\/uploads\/galerija-1-scaled.jpg","type":"image\/jpeg"}],"twitter_card":"summary_large_image","twitter_misc":{"Est. reading time":"1 minute"},"schema":{"@context":"https:\/\/schema.org","@graph":[{"@type":"WebPage","@id":"https:\/\/www.rastinetroba.lt\/galerija\/","url":"https:\/\/www.rastinetroba.lt\/galerija\/","name":"Galerija - R\u0105stiniai namai","isPartOf":{"@id":"https:\/\/www.rastinetroba.lt\/#website"},"primaryImageOfPage":{"@id":"https:\/\/www.rastinetroba.lt\/galerija\/#primaryimage"},"image":{"@id":"https:\/\/www.rastinetroba.lt\/galerija\/#primaryimage"},"thumbnailUrl":"https:\/\/www.rastinetroba.lt\/wp-content\/uploads\/galerija-1-scaled.jpg","datePublished":"2025-03-15T16:20:03+00:00","dateModified":"2025-03-16T13:01:48+00:00","description":"Statome \u012fvairius r\u0105stinius namus Lietuvoje ir Norvegijoje.","breadcrumb":{"@id":"https:\/\/www.rastinetroba.lt\/galerija\/#breadcrumb"},"inLanguage":"en-US","potentialAction":[{"@type":"ReadAction","target":["https:\/\/www.rastinetroba.lt\/galerija\/"]}]},{"@type":"ImageObject","inLanguage":"en-US","@id":"https:\/\/www.rastinetroba.lt\/galerija\/#primaryimage","url":"https:\/\/www.rastinetroba.lt\/wp-content\/uploads\/galerija-1-scaled.jpg","contentUrl":"https:\/\/www.rastinetroba.lt\/wp-content\/uploads\/galerija-1-scaled.jpg"},{"@type":"BreadcrumbList","@id":"https:\/\/www.rastinetroba.lt\/galerija\/#breadcrumb","itemListElement":[{"@type":"ListItem","position":1,"name":"Home","item":"https:\/\/www.rastinetroba.lt\/"},{"@type":"ListItem","position":2,"name":"Galerija"}]},{"@type":"WebSite","@id":"https:\/\/www.rastinetroba.lt\/#website","url":"https:\/\/www.rastinetroba.lt\/","name":"R\u0105stiniai namai","description":"R\u0105stiniai namai","publisher":{"@id":"https:\/\/www.rastinetroba.lt\/#organization"},"potentialAction":[{"@type":"SearchAction","target":{"@type":"EntryPoint","urlTemplate":"https:\/\/www.rastinetroba.lt\/?s={search_term_string}"},"query-input":{"@type":"PropertyValueSpecification","valueRequired":true,"valueName":"search_term_string"}}],"inLanguage":"en-US"},{"@type":"Organization","@id":"https:\/\/www.rastinetroba.lt\/#organization","name":"R\u0105stiniai namai","url":"https:\/\/www.rastinetroba.lt\/","logo":{"@type":"ImageObject","inLanguage":"en-US","@id":"https:\/\/www.rastinetroba.lt\/#\/schema\/logo\/image\/","url":"https:\/\/www.rastinetroba.lt\/wp-content\/uploads\/logo.png","contentUrl":"https:\/\/www.rastinetroba.lt\/wp-content\/uploads\/logo.png","width":130,"height":130,"caption":"R\u0105stiniai namai"},"image":{"@id":"https:\/\/www.rastinetroba.lt\/#\/schema\/logo\/image\/"},"sameAs":["https:\/\/www.facebook.com\/profile.php?id=100054338569781"]}]}},"_links":{"self":[{"href":"https:\/\/www.rastinetroba.lt\/en\/wp-json\/wp\/v2\/pages\/52133","targetHints":{"allow":["GET"]}}],"collection":[{"href":"https:\/\/www.rastinetroba.lt\/en\/wp-json\/wp\/v2\/pages"}],"about":[{"href":"https:\/\/www.rastinetroba.lt\/en\/wp-json\/wp\/v2\/types\/page"}],"author":[{"embeddable":true,"href":"https:\/\/www.rastinetroba.lt\/en\/wp-json\/wp\/v2\/users\/1"}],"replies":[{"embeddable":true,"href":"https:\/\/www.rastinetroba.lt\/en\/wp-json\/wp\/v2\/comments?post=52133"}],"version-history":[{"count":9,"href":"https:\/\/www.rastinetroba.lt\/en\/wp-json\/wp\/v2\/pages\/52133\/revisions"}],"predecessor-version":[{"id":52215,"href":"https:\/\/www.rastinetroba.lt\/en\/wp-json\/wp\/v2\/pages\/52133\/revisions\/52215"}],"wp:attachment":[{"href":"https:\/\/www.rastinetroba.lt\/en\/wp-json\/wp\/v2\/media?parent=52133"}],"curies":[{"name":"wp","href":"https:\/\/api.w.org\/{rel}","templated":true}]}}