{"id":52123,"date":"2025-03-15T13:53:32","date_gmt":"2025-03-15T15:53:32","guid":{"rendered":"https:\/\/www.rastinetroba.lt\/?page_id=52123"},"modified":"2025-03-16T10:50:18","modified_gmt":"2025-03-16T12:50:18","slug":"kontaktai","status":"publish","type":"page","link":"https:\/\/www.rastinetroba.lt\/en\/kontaktai\/","title":{"rendered":"Kontaktai"},"content":{"rendered":"<p class=\"has-contrast-dark-color has-text-color has-link-color has-superbfont-xlarge-font-size wp-elements-05da687d8b65b56d952e454d2db38368\" style=\"margin-top:var(--wp--preset--spacing--superbspacing-xxsmall);margin-bottom:var(--wp--preset--spacing--superbspacing-large)\"><strong>CONTACTS<\/strong><\/p>\n\n\n\n<div class=\"wp-block-group has-global-padding is-layout-constrained wp-block-group-is-layout-constrained\">\n<div class=\"wp-block-columns is-layout-flex wp-container-core-columns-is-layout-1 wp-block-columns-is-layout-flex\">\n<div class=\"wp-block-column is-layout-flow wp-container-core-column-is-layout-1 wp-block-column-is-layout-flow\">\n<p class=\"has-contrast-dark-color has-text-color has-link-color has-superbfont-large-font-size wp-elements-61dc63f75138c78674e7e51658e61e63\"><strong>ADDRESS<\/strong><\/p>\n\n\n\n<div class=\"wp-block-group has-global-padding is-layout-constrained wp-container-core-group-is-layout-1 wp-block-group-is-layout-constrained\">\n<p class=\"has-contrast-dark-color has-text-color has-link-color wp-elements-d464361e839876afeee65ce2b901eaaf\">Skard\u017ei\u0173 kaimas,<\/p>\n\n\n\n<p class=\"has-contrast-dark-color has-text-color has-link-color wp-elements-0fbbae20b1e84d49fed8c6727b7f0480\">Mol\u0117tai district,<\/p>\n\n\n\n<p class=\"has-contrast-dark-color has-text-color has-link-color wp-elements-fb53cc2645f3bc51697680d758160b11\">LT-33324, Lithuania<\/p>\n<\/div>\n<\/div>\n\n\n\n<div class=\"wp-block-column is-layout-flow wp-container-core-column-is-layout-2 wp-block-column-is-layout-flow\">\n<p class=\"has-contrast-dark-color has-text-color has-link-color has-superbfont-large-font-size wp-elements-6dc78521c651d652e054c4d22dd4fe51\"><strong>NUMBERS<\/strong><\/p>\n\n\n\n<div class=\"wp-block-group has-global-padding is-layout-constrained wp-container-core-group-is-layout-2 wp-block-group-is-layout-constrained\">\n<p class=\"has-contrast-dark-color has-text-color has-link-color wp-elements-c6ad2c149cd219f51f708acc487c183c\">Mobile: +370 686 62335<\/p>\n\n\n\n<p class=\"has-contrast-dark-color has-text-color has-link-color wp-elements-02757cb573bbb892c4715d5d346351c4\">Fax: +370 383 43335<\/p>\n<\/div>\n<\/div>\n\n\n\n<div class=\"wp-block-column is-layout-flow wp-container-core-column-is-layout-3 wp-block-column-is-layout-flow\">\n<p class=\"has-contrast-dark-color has-text-color has-link-color has-superbfont-large-font-size wp-elements-8a382c5cef69c631361ca97022fe004a\"><strong>E-MAIL<\/strong><\/p>\n\n\n\n<div class=\"wp-block-group has-global-padding is-layout-constrained wp-container-core-group-is-layout-3 wp-block-group-is-layout-constrained\">\n<p class=\"has-contrast-dark-color has-text-color has-link-color wp-elements-e057c77d023e7d1b3037df749c205dcf\">rastinetroba@gmail.com<\/p>\n<\/div>\n<\/div>\n<\/div>\n<\/div>\n\n\n\n<div class=\"wp-block-superb-addons-google-maps\"><div class=\"superbaddons-google-maps-block\" style=\"border-radius:0%;height:500px\"><iframe loading=\"lazy\" width=\"100%\" height=\"500px\" frameborder=\"0\" margin=\"0\" padding=\"0\" referrerpolicy=\"no-referrer-when-downgrade\" src=\"https:\/\/maps.google.com\/maps?width=100%&amp;height=100%&amp;q=R\u0105stin\u0117 troba&amp;t=k&amp;z=12&amp;hl=en&amp;ie=UTF8&amp;iwloc=B&amp;output=embed\"><\/iframe><\/div><\/div>\n\n\n\n<hr class=\"wp-block-separator has-text-color has-alpha-channel-opacity has-background is-style-wide\" style=\"margin-top:var(--wp--preset--spacing--superbspacing-xlarge);margin-bottom:var(--wp--preset--spacing--superbspacing-medium);background-color:#898989;color:#898989\"\/>","protected":false},"excerpt":{"rendered":"<p>KONTAKTAI ADRESAS Skard\u017ei\u0173 kaimas, Mol\u0117t\u0173 rajonas, LT-33324, Lietuva NUMERIAI Mobulusis: +370 686 62335 Faksas: +370 383 43335 E-PA\u0160TAS rastinetroba@gmail.com<\/p>","protected":false},"author":1,"featured_media":0,"parent":0,"menu_order":0,"comment_status":"closed","ping_status":"closed","template":"","meta":{"footnotes":""},"class_list":["post-52123","page","type-page","status-publish","hentry"],"yoast_head":"<!-- This site is optimized with the Yoast SEO plugin v24.6 - https:\/\/yoast.com\/wordpress\/plugins\/seo\/ -->\n<title>Kontaktai - R\u0105stiniai namai<\/title>\n<meta name=\"description\" content=\"Statome \u012fvairius r\u0105stinius namus Lietuvoje ir Norvegijoje.\" \/>\n<meta name=\"robots\" content=\"index, follow, max-snippet:-1, max-image-preview:large, max-video-preview:-1\" \/>\n<link rel=\"canonical\" href=\"https:\/\/www.rastinetroba.lt\/en\/kontaktai\/\" \/>\n<meta property=\"og:locale\" content=\"en_US\" \/>\n<meta property=\"og:type\" content=\"article\" \/>\n<meta property=\"og:title\" content=\"Kontaktai - R\u0105stiniai namai\" \/>\n<meta property=\"og:description\" content=\"Statome \u012fvairius r\u0105stinius namus Lietuvoje ir Norvegijoje.\" \/>\n<meta property=\"og:url\" content=\"https:\/\/www.rastinetroba.lt\/en\/kontaktai\/\" \/>\n<meta property=\"og:site_name\" content=\"R\u0105stiniai namai\" \/>\n<meta property=\"article:publisher\" content=\"https:\/\/www.facebook.com\/profile.php?id=100054338569781\" \/>\n<meta property=\"article:modified_time\" content=\"2025-03-16T12:50:18+00:00\" \/>\n<meta name=\"twitter:card\" content=\"summary_large_image\" \/>\n<meta name=\"twitter:label1\" content=\"Est. reading time\" \/>\n\t<meta name=\"twitter:data1\" content=\"1 minute\" \/>\n<script type=\"application\/ld+json\" class=\"yoast-schema-graph\">{\"@context\":\"https:\/\/schema.org\",\"@graph\":[{\"@type\":\"WebPage\",\"@id\":\"https:\/\/www.rastinetroba.lt\/kontaktai\/\",\"url\":\"https:\/\/www.rastinetroba.lt\/kontaktai\/\",\"name\":\"Kontaktai - R\u0105stiniai namai\",\"isPartOf\":{\"@id\":\"https:\/\/www.rastinetroba.lt\/#website\"},\"datePublished\":\"2025-03-15T15:53:32+00:00\",\"dateModified\":\"2025-03-16T12:50:18+00:00\",\"description\":\"Statome \u012fvairius r\u0105stinius namus Lietuvoje ir Norvegijoje.\",\"breadcrumb\":{\"@id\":\"https:\/\/www.rastinetroba.lt\/kontaktai\/#breadcrumb\"},\"inLanguage\":\"en-US\",\"potentialAction\":[{\"@type\":\"ReadAction\",\"target\":[\"https:\/\/www.rastinetroba.lt\/kontaktai\/\"]}]},{\"@type\":\"BreadcrumbList\",\"@id\":\"https:\/\/www.rastinetroba.lt\/kontaktai\/#breadcrumb\",\"itemListElement\":[{\"@type\":\"ListItem\",\"position\":1,\"name\":\"Home\",\"item\":\"https:\/\/www.rastinetroba.lt\/\"},{\"@type\":\"ListItem\",\"position\":2,\"name\":\"Kontaktai\"}]},{\"@type\":\"WebSite\",\"@id\":\"https:\/\/www.rastinetroba.lt\/#website\",\"url\":\"https:\/\/www.rastinetroba.lt\/\",\"name\":\"R\u0105stiniai namai\",\"description\":\"R\u0105stiniai namai\",\"publisher\":{\"@id\":\"https:\/\/www.rastinetroba.lt\/#organization\"},\"potentialAction\":[{\"@type\":\"SearchAction\",\"target\":{\"@type\":\"EntryPoint\",\"urlTemplate\":\"https:\/\/www.rastinetroba.lt\/?s={search_term_string}\"},\"query-input\":{\"@type\":\"PropertyValueSpecification\",\"valueRequired\":true,\"valueName\":\"search_term_string\"}}],\"inLanguage\":\"en-US\"},{\"@type\":\"Organization\",\"@id\":\"https:\/\/www.rastinetroba.lt\/#organization\",\"name\":\"R\u0105stiniai namai\",\"url\":\"https:\/\/www.rastinetroba.lt\/\",\"logo\":{\"@type\":\"ImageObject\",\"inLanguage\":\"en-US\",\"@id\":\"https:\/\/www.rastinetroba.lt\/#\/schema\/logo\/image\/\",\"url\":\"https:\/\/www.rastinetroba.lt\/wp-content\/uploads\/logo.png\",\"contentUrl\":\"https:\/\/www.rastinetroba.lt\/wp-content\/uploads\/logo.png\",\"width\":130,\"height\":130,\"caption\":\"R\u0105stiniai namai\"},\"image\":{\"@id\":\"https:\/\/www.rastinetroba.lt\/#\/schema\/logo\/image\/\"},\"sameAs\":[\"https:\/\/www.facebook.com\/profile.php?id=100054338569781\"]}]}<\/script>\n<!-- \/ Yoast SEO plugin. -->","yoast_head_json":{"title":"Kontaktai - R\u0105stiniai namai","description":"Statome \u012fvairius r\u0105stinius namus Lietuvoje ir Norvegijoje.","robots":{"index":"index","follow":"follow","max-snippet":"max-snippet:-1","max-image-preview":"max-image-preview:large","max-video-preview":"max-video-preview:-1"},"canonical":"https:\/\/www.rastinetroba.lt\/en\/kontaktai\/","og_locale":"en_US","og_type":"article","og_title":"Kontaktai - R\u0105stiniai namai","og_description":"Statome \u012fvairius r\u0105stinius namus Lietuvoje ir Norvegijoje.","og_url":"https:\/\/www.rastinetroba.lt\/en\/kontaktai\/","og_site_name":"R\u0105stiniai namai","article_publisher":"https:\/\/www.facebook.com\/profile.php?id=100054338569781","article_modified_time":"2025-03-16T12:50:18+00:00","twitter_card":"summary_large_image","twitter_misc":{"Est. reading time":"1 minute"},"schema":{"@context":"https:\/\/schema.org","@graph":[{"@type":"WebPage","@id":"https:\/\/www.rastinetroba.lt\/kontaktai\/","url":"https:\/\/www.rastinetroba.lt\/kontaktai\/","name":"Kontaktai - R\u0105stiniai namai","isPartOf":{"@id":"https:\/\/www.rastinetroba.lt\/#website"},"datePublished":"2025-03-15T15:53:32+00:00","dateModified":"2025-03-16T12:50:18+00:00","description":"Statome \u012fvairius r\u0105stinius namus Lietuvoje ir Norvegijoje.","breadcrumb":{"@id":"https:\/\/www.rastinetroba.lt\/kontaktai\/#breadcrumb"},"inLanguage":"en-US","potentialAction":[{"@type":"ReadAction","target":["https:\/\/www.rastinetroba.lt\/kontaktai\/"]}]},{"@type":"BreadcrumbList","@id":"https:\/\/www.rastinetroba.lt\/kontaktai\/#breadcrumb","itemListElement":[{"@type":"ListItem","position":1,"name":"Home","item":"https:\/\/www.rastinetroba.lt\/"},{"@type":"ListItem","position":2,"name":"Kontaktai"}]},{"@type":"WebSite","@id":"https:\/\/www.rastinetroba.lt\/#website","url":"https:\/\/www.rastinetroba.lt\/","name":"R\u0105stiniai namai","description":"R\u0105stiniai namai","publisher":{"@id":"https:\/\/www.rastinetroba.lt\/#organization"},"potentialAction":[{"@type":"SearchAction","target":{"@type":"EntryPoint","urlTemplate":"https:\/\/www.rastinetroba.lt\/?s={search_term_string}"},"query-input":{"@type":"PropertyValueSpecification","valueRequired":true,"valueName":"search_term_string"}}],"inLanguage":"en-US"},{"@type":"Organization","@id":"https:\/\/www.rastinetroba.lt\/#organization","name":"R\u0105stiniai namai","url":"https:\/\/www.rastinetroba.lt\/","logo":{"@type":"ImageObject","inLanguage":"en-US","@id":"https:\/\/www.rastinetroba.lt\/#\/schema\/logo\/image\/","url":"https:\/\/www.rastinetroba.lt\/wp-content\/uploads\/logo.png","contentUrl":"https:\/\/www.rastinetroba.lt\/wp-content\/uploads\/logo.png","width":130,"height":130,"caption":"R\u0105stiniai namai"},"image":{"@id":"https:\/\/www.rastinetroba.lt\/#\/schema\/logo\/image\/"},"sameAs":["https:\/\/www.facebook.com\/profile.php?id=100054338569781"]}]}},"_links":{"self":[{"href":"https:\/\/www.rastinetroba.lt\/en\/wp-json\/wp\/v2\/pages\/52123","targetHints":{"allow":["GET"]}}],"collection":[{"href":"https:\/\/www.rastinetroba.lt\/en\/wp-json\/wp\/v2\/pages"}],"about":[{"href":"https:\/\/www.rastinetroba.lt\/en\/wp-json\/wp\/v2\/types\/page"}],"author":[{"embeddable":true,"href":"https:\/\/www.rastinetroba.lt\/en\/wp-json\/wp\/v2\/users\/1"}],"replies":[{"embeddable":true,"href":"https:\/\/www.rastinetroba.lt\/en\/wp-json\/wp\/v2\/comments?post=52123"}],"version-history":[{"count":5,"href":"https:\/\/www.rastinetroba.lt\/en\/wp-json\/wp\/v2\/pages\/52123\/revisions"}],"predecessor-version":[{"id":52219,"href":"https:\/\/www.rastinetroba.lt\/en\/wp-json\/wp\/v2\/pages\/52123\/revisions\/52219"}],"wp:attachment":[{"href":"https:\/\/www.rastinetroba.lt\/en\/wp-json\/wp\/v2\/media?parent=52123"}],"curies":[{"name":"wp","href":"https:\/\/api.w.org\/{rel}","templated":true}]}}