{"id":52037,"date":"2025-03-15T09:37:49","date_gmt":"2025-03-15T11:37:49","guid":{"rendered":"https:\/\/www.rastinetroba.lt\/?page_id=52037"},"modified":"2025-03-16T10:50:51","modified_gmt":"2025-03-16T12:50:51","slug":"kompanija","status":"publish","type":"page","link":"https:\/\/www.rastinetroba.lt\/en\/kompanija\/","title":{"rendered":"Kompanija"},"content":{"rendered":"<div class=\"wp-block-group has-global-padding is-layout-constrained wp-container-core-group-is-layout-2 wp-block-group-is-layout-constrained\">\n<p class=\"has-text-align-center has-contrast-dark-color has-text-color has-link-color has-superbfont-xxlarge-font-size wp-elements-b9e1a1318a7440add0061ee364ec5090\"><strong>ABOUT <\/strong>US<\/p>\n\n\n\n<div class=\"wp-block-group has-global-padding is-layout-constrained wp-block-group-is-layout-constrained\" style=\"margin-bottom:230px\">\n<p class=\"has-text-align-center has-contrast-dark-color has-text-color has-link-color has-superbfont-small-font-size wp-elements-a9b36c921afc3653acdaa22a1dad38b6\">JSC \u201eRastine troba\u201c was founded in 1999 and since then it has been active in log house designing, manufacturing and building. It is a family business, 100% based on Lithuanian private capital. Company builds handcrafted log houses for both \u2013 permanent and recreational residence with the main focus on Lithuanian and Norway markets.<\/p>\n\n\n\n<p class=\"has-text-align-center has-contrast-dark-color has-text-color has-link-color has-superbfont-small-font-size wp-elements-7732a12ae7c6b0dd3fcf41e8af1a5fe4\">All our timber constructions are built according to individual client projects. We provide professional consultations according to client visions and needs. We use only the finest quality Lithuanian pine trees to craft the log houses. Wood is being prepared in winter and dryed by natural methods in hangars that take around 1-2 years as well as in large wood-drying kiln.<\/p>\n\n\n\n<p class=\"has-text-align-center has-contrast-dark-color has-text-color has-link-color has-superbfont-small-font-size wp-elements-04448cfbe3faca8b524c76371b5a0172\">Only the best qualification and most responsible employees work in the company \u2013 they gain professional skills in Norway. Log houses are crafted in the territory of the company so the quality of our products can be evaluated at any time. When finished, the handcrafted log houses are transported to the final destinations and assembled again.<\/p>\n\n\n\n<p class=\"has-text-align-center has-contrast-dark-color has-text-color has-link-color has-superbfont-small-font-size wp-elements-5735d2be3753cd49fa7da7d60eeaee5c\">We know how to build log houses and guarantee the best quality!<\/p>\n<\/div>\n\n\n\n<hr class=\"wp-block-separator has-text-color has-alpha-channel-opacity has-background is-style-wide\" style=\"margin-top:var(--wp--preset--spacing--superbspacing-xlarge);margin-bottom:var(--wp--preset--spacing--superbspacing-medium);background-color:#898989;color:#898989\"\/>\n\n\n\n<p><\/p>\n<\/div>","protected":false},"excerpt":{"rendered":"<p>APIE MUS UAB \u201eR\u0105stin\u0117 troba\u201c \u012fkurta 1999 metais ir nuo to laiko u\u017esiima r\u0105stini\u0173 statini\u0173 dizainu, gamyba ir statyba. Tai \u0161eimos verslas bei 100% lietuvi\u0161ko kapitalo \u012fmon\u0117. Kompanija stato rank\u0173 darbo namus tiek nuolatinio tiek poilsinio pob\u016bd\u017eio gyvenamosioms vietoms, orientuodamasi \u012f Lietuvos ir Norvegijos rinkas. Visos medienos konstrukcijos yra statomos pagal individualius klient\u0173 projektus. Mes [&hellip;]<\/p>","protected":false},"author":1,"featured_media":0,"parent":0,"menu_order":0,"comment_status":"closed","ping_status":"closed","template":"","meta":{"footnotes":""},"class_list":["post-52037","page","type-page","status-publish","hentry"],"yoast_head":"<!-- This site is optimized with the Yoast SEO plugin v24.6 - https:\/\/yoast.com\/wordpress\/plugins\/seo\/ -->\n<title>Kompanija - R\u0105stiniai namai<\/title>\n<meta name=\"description\" content=\"Statome \u012fvairius r\u0105stinius namus Lietuvoje ir Norvegijoje.\" \/>\n<meta name=\"robots\" content=\"index, follow, max-snippet:-1, max-image-preview:large, max-video-preview:-1\" \/>\n<link rel=\"canonical\" href=\"https:\/\/www.rastinetroba.lt\/en\/kompanija\/\" \/>\n<meta property=\"og:locale\" content=\"en_US\" \/>\n<meta property=\"og:type\" content=\"article\" \/>\n<meta property=\"og:title\" content=\"Kompanija - R\u0105stiniai namai\" \/>\n<meta property=\"og:description\" content=\"Statome \u012fvairius r\u0105stinius namus Lietuvoje ir Norvegijoje.\" \/>\n<meta property=\"og:url\" content=\"https:\/\/www.rastinetroba.lt\/en\/kompanija\/\" \/>\n<meta property=\"og:site_name\" content=\"R\u0105stiniai namai\" \/>\n<meta property=\"article:publisher\" content=\"https:\/\/www.facebook.com\/profile.php?id=100054338569781\" \/>\n<meta property=\"article:modified_time\" content=\"2025-03-16T12:50:51+00:00\" \/>\n<meta name=\"twitter:card\" content=\"summary_large_image\" \/>\n<meta name=\"twitter:label1\" content=\"Est. reading time\" \/>\n\t<meta name=\"twitter:data1\" content=\"1 minute\" \/>\n<script type=\"application\/ld+json\" class=\"yoast-schema-graph\">{\"@context\":\"https:\/\/schema.org\",\"@graph\":[{\"@type\":\"WebPage\",\"@id\":\"https:\/\/www.rastinetroba.lt\/kompanija\/\",\"url\":\"https:\/\/www.rastinetroba.lt\/kompanija\/\",\"name\":\"Kompanija - R\u0105stiniai namai\",\"isPartOf\":{\"@id\":\"https:\/\/www.rastinetroba.lt\/#website\"},\"datePublished\":\"2025-03-15T11:37:49+00:00\",\"dateModified\":\"2025-03-16T12:50:51+00:00\",\"description\":\"Statome \u012fvairius r\u0105stinius namus Lietuvoje ir Norvegijoje.\",\"breadcrumb\":{\"@id\":\"https:\/\/www.rastinetroba.lt\/kompanija\/#breadcrumb\"},\"inLanguage\":\"en-US\",\"potentialAction\":[{\"@type\":\"ReadAction\",\"target\":[\"https:\/\/www.rastinetroba.lt\/kompanija\/\"]}]},{\"@type\":\"BreadcrumbList\",\"@id\":\"https:\/\/www.rastinetroba.lt\/kompanija\/#breadcrumb\",\"itemListElement\":[{\"@type\":\"ListItem\",\"position\":1,\"name\":\"Home\",\"item\":\"https:\/\/www.rastinetroba.lt\/\"},{\"@type\":\"ListItem\",\"position\":2,\"name\":\"Kompanija\"}]},{\"@type\":\"WebSite\",\"@id\":\"https:\/\/www.rastinetroba.lt\/#website\",\"url\":\"https:\/\/www.rastinetroba.lt\/\",\"name\":\"R\u0105stiniai namai\",\"description\":\"R\u0105stiniai namai\",\"publisher\":{\"@id\":\"https:\/\/www.rastinetroba.lt\/#organization\"},\"potentialAction\":[{\"@type\":\"SearchAction\",\"target\":{\"@type\":\"EntryPoint\",\"urlTemplate\":\"https:\/\/www.rastinetroba.lt\/?s={search_term_string}\"},\"query-input\":{\"@type\":\"PropertyValueSpecification\",\"valueRequired\":true,\"valueName\":\"search_term_string\"}}],\"inLanguage\":\"en-US\"},{\"@type\":\"Organization\",\"@id\":\"https:\/\/www.rastinetroba.lt\/#organization\",\"name\":\"R\u0105stiniai namai\",\"url\":\"https:\/\/www.rastinetroba.lt\/\",\"logo\":{\"@type\":\"ImageObject\",\"inLanguage\":\"en-US\",\"@id\":\"https:\/\/www.rastinetroba.lt\/#\/schema\/logo\/image\/\",\"url\":\"https:\/\/www.rastinetroba.lt\/wp-content\/uploads\/logo.png\",\"contentUrl\":\"https:\/\/www.rastinetroba.lt\/wp-content\/uploads\/logo.png\",\"width\":130,\"height\":130,\"caption\":\"R\u0105stiniai namai\"},\"image\":{\"@id\":\"https:\/\/www.rastinetroba.lt\/#\/schema\/logo\/image\/\"},\"sameAs\":[\"https:\/\/www.facebook.com\/profile.php?id=100054338569781\"]}]}<\/script>\n<!-- \/ Yoast SEO plugin. -->","yoast_head_json":{"title":"Kompanija - R\u0105stiniai namai","description":"Statome \u012fvairius r\u0105stinius namus Lietuvoje ir Norvegijoje.","robots":{"index":"index","follow":"follow","max-snippet":"max-snippet:-1","max-image-preview":"max-image-preview:large","max-video-preview":"max-video-preview:-1"},"canonical":"https:\/\/www.rastinetroba.lt\/en\/kompanija\/","og_locale":"en_US","og_type":"article","og_title":"Kompanija - R\u0105stiniai namai","og_description":"Statome \u012fvairius r\u0105stinius namus Lietuvoje ir Norvegijoje.","og_url":"https:\/\/www.rastinetroba.lt\/en\/kompanija\/","og_site_name":"R\u0105stiniai namai","article_publisher":"https:\/\/www.facebook.com\/profile.php?id=100054338569781","article_modified_time":"2025-03-16T12:50:51+00:00","twitter_card":"summary_large_image","twitter_misc":{"Est. reading time":"1 minute"},"schema":{"@context":"https:\/\/schema.org","@graph":[{"@type":"WebPage","@id":"https:\/\/www.rastinetroba.lt\/kompanija\/","url":"https:\/\/www.rastinetroba.lt\/kompanija\/","name":"Kompanija - R\u0105stiniai namai","isPartOf":{"@id":"https:\/\/www.rastinetroba.lt\/#website"},"datePublished":"2025-03-15T11:37:49+00:00","dateModified":"2025-03-16T12:50:51+00:00","description":"Statome \u012fvairius r\u0105stinius namus Lietuvoje ir Norvegijoje.","breadcrumb":{"@id":"https:\/\/www.rastinetroba.lt\/kompanija\/#breadcrumb"},"inLanguage":"en-US","potentialAction":[{"@type":"ReadAction","target":["https:\/\/www.rastinetroba.lt\/kompanija\/"]}]},{"@type":"BreadcrumbList","@id":"https:\/\/www.rastinetroba.lt\/kompanija\/#breadcrumb","itemListElement":[{"@type":"ListItem","position":1,"name":"Home","item":"https:\/\/www.rastinetroba.lt\/"},{"@type":"ListItem","position":2,"name":"Kompanija"}]},{"@type":"WebSite","@id":"https:\/\/www.rastinetroba.lt\/#website","url":"https:\/\/www.rastinetroba.lt\/","name":"R\u0105stiniai namai","description":"R\u0105stiniai namai","publisher":{"@id":"https:\/\/www.rastinetroba.lt\/#organization"},"potentialAction":[{"@type":"SearchAction","target":{"@type":"EntryPoint","urlTemplate":"https:\/\/www.rastinetroba.lt\/?s={search_term_string}"},"query-input":{"@type":"PropertyValueSpecification","valueRequired":true,"valueName":"search_term_string"}}],"inLanguage":"en-US"},{"@type":"Organization","@id":"https:\/\/www.rastinetroba.lt\/#organization","name":"R\u0105stiniai namai","url":"https:\/\/www.rastinetroba.lt\/","logo":{"@type":"ImageObject","inLanguage":"en-US","@id":"https:\/\/www.rastinetroba.lt\/#\/schema\/logo\/image\/","url":"https:\/\/www.rastinetroba.lt\/wp-content\/uploads\/logo.png","contentUrl":"https:\/\/www.rastinetroba.lt\/wp-content\/uploads\/logo.png","width":130,"height":130,"caption":"R\u0105stiniai namai"},"image":{"@id":"https:\/\/www.rastinetroba.lt\/#\/schema\/logo\/image\/"},"sameAs":["https:\/\/www.facebook.com\/profile.php?id=100054338569781"]}]}},"_links":{"self":[{"href":"https:\/\/www.rastinetroba.lt\/en\/wp-json\/wp\/v2\/pages\/52037","targetHints":{"allow":["GET"]}}],"collection":[{"href":"https:\/\/www.rastinetroba.lt\/en\/wp-json\/wp\/v2\/pages"}],"about":[{"href":"https:\/\/www.rastinetroba.lt\/en\/wp-json\/wp\/v2\/types\/page"}],"author":[{"embeddable":true,"href":"https:\/\/www.rastinetroba.lt\/en\/wp-json\/wp\/v2\/users\/1"}],"replies":[{"embeddable":true,"href":"https:\/\/www.rastinetroba.lt\/en\/wp-json\/wp\/v2\/comments?post=52037"}],"version-history":[{"count":21,"href":"https:\/\/www.rastinetroba.lt\/en\/wp-json\/wp\/v2\/pages\/52037\/revisions"}],"predecessor-version":[{"id":52226,"href":"https:\/\/www.rastinetroba.lt\/en\/wp-json\/wp\/v2\/pages\/52037\/revisions\/52226"}],"wp:attachment":[{"href":"https:\/\/www.rastinetroba.lt\/en\/wp-json\/wp\/v2\/media?parent=52037"}],"curies":[{"name":"wp","href":"https:\/\/api.w.org\/{rel}","templated":true}]}}