{"id":52015,"date":"2025-03-15T09:53:04","date_gmt":"2025-03-15T11:53:04","guid":{"rendered":"https:\/\/www.rastinetroba.lt\/?page_id=52015"},"modified":"2025-03-16T10:49:44","modified_gmt":"2025-03-16T12:49:44","slug":"rastine-troba","status":"publish","type":"page","link":"https:\/\/www.rastinetroba.lt\/en\/","title":{"rendered":"Pradinis"},"content":{"rendered":"<div class=\"wp-block-group has-global-padding is-layout-constrained wp-container-core-group-is-layout-19 wp-block-group-is-layout-constrained\">\n<main class=\"wp-block-group is-layout-flow wp-container-core-group-is-layout-1 wp-block-group-is-layout-flow\" style=\"margin-top:0;margin-bottom:0;padding-top:0;padding-right:0;padding-bottom:0;padding-left:0\">\n<div class=\"wp-block-cover\" style=\"padding-top:var(--wp--preset--spacing--superbspacing-xxlarge);padding-right:0;padding-bottom:var(--wp--preset--spacing--superbspacing-xxlarge);padding-left:0\"><span aria-hidden=\"true\" class=\"wp-block-cover__background has-contrast-dark-background-color has-background-dim-40 has-background-dim\"><\/span><img loading=\"lazy\" decoding=\"async\" width=\"2560\" height=\"1264\" class=\"wp-block-cover__image-background wp-image-52032\" alt=\"\" src=\"https:\/\/www.rastinetroba.lt\/wp-content\/uploads\/pagrindinis_1-scaled.jpg\" style=\"object-position:40% 70%\" data-object-fit=\"cover\" data-object-position=\"40% 70%\" srcset=\"https:\/\/www.rastinetroba.lt\/wp-content\/uploads\/pagrindinis_1-scaled.jpg 2560w, https:\/\/www.rastinetroba.lt\/wp-content\/uploads\/pagrindinis_1-300x148.jpg 300w, https:\/\/www.rastinetroba.lt\/wp-content\/uploads\/pagrindinis_1-1024x506.jpg 1024w, https:\/\/www.rastinetroba.lt\/wp-content\/uploads\/pagrindinis_1-768x379.jpg 768w, https:\/\/www.rastinetroba.lt\/wp-content\/uploads\/pagrindinis_1-1536x759.jpg 1536w, https:\/\/www.rastinetroba.lt\/wp-content\/uploads\/pagrindinis_1-2048x1012.jpg 2048w\" sizes=\"auto, (max-width: 2560px) 100vw, 2560px\" \/><div class=\"wp-block-cover__inner-container is-layout-flow wp-block-cover-is-layout-flow\">\n<p><\/p>\n<\/div><\/div>\n<\/main>\n\n\n\n<p class=\"has-text-align-center has-superbfont-xxlarge-font-size\"><strong>R\u0104STIN\u0116<\/strong> TROBA<\/p>\n\n\n\n<hr class=\"wp-block-separator has-text-color has-alpha-channel-opacity has-background is-style-wide\" style=\"margin-top:var(--wp--preset--spacing--superbspacing-small);margin-bottom:var(--wp--preset--spacing--superbspacing-small);background-color:#898989;color:#898989\"\/>\n\n\n\n<div class=\"wp-block-group has-contrast-light-background-color has-background is-layout-flow wp-container-core-group-is-layout-4 wp-block-group-is-layout-flow\" style=\"margin-top:0;margin-bottom:0;padding-top:var(--wp--preset--spacing--superbspacing-xxsmall);padding-right:0;padding-bottom:var(--wp--preset--spacing--superbspacing-xxsmall);padding-left:0\">\n<div class=\"wp-block-group is-style-default is-vertical is-content-justification-left is-layout-flex wp-container-core-group-is-layout-3 wp-block-group-is-layout-flex\" style=\"padding-top:0;padding-right:var(--wp--preset--spacing--superbspacing-xxlarge);padding-bottom:0;padding-left:var(--wp--preset--spacing--superbspacing-xxlarge)\">\n<p class=\"has-text-align-left has-contrast-dark-color has-text-color has-superbfont-large-font-size\"><strong>OUR <\/strong>SERVICES<\/p>\n\n\n\n<div class=\"wp-block-group has-global-padding is-layout-constrained wp-container-core-group-is-layout-2 wp-block-group-is-layout-constrained\">\n<p class=\"has-text-align-left has-superbfont-small-font-size\">We build log houses for Lithuanian and Norway markets with healthy, natural and nature friendly living environment in mind. Our log houses are crafted from the finest quality Lithuanian pine trees with 20 years of knowledge and experience.<\/p>\n<\/div>\n<\/div>\n<\/div>\n\n\n\n<div class=\"wp-block-group has-contrast-light-background-color has-background has-global-padding is-content-justification-center is-layout-constrained wp-container-core-group-is-layout-12 wp-block-group-is-layout-constrained\" style=\"margin-top:0;margin-bottom:0;padding-top:var(--wp--preset--spacing--superbspacing-large);padding-right:0;padding-bottom:var(--wp--preset--spacing--superbspacing-large);padding-left:0\">\n<div class=\"wp-block-columns are-vertically-aligned-top is-layout-flex wp-container-core-columns-is-layout-1 wp-block-columns-is-layout-flex\">\n<div class=\"wp-block-column is-vertically-aligned-top is-layout-flow wp-container-core-column-is-layout-1 wp-block-column-is-layout-flow\" style=\"padding-right:0;padding-bottom:0;padding-left:0\">\n<figure class=\"wp-block-image aligncenter size-full has-custom-border is-style-default\"><img loading=\"lazy\" decoding=\"async\" width=\"1260\" height=\"945\" src=\"https:\/\/www.rastinetroba.lt\/wp-content\/uploads\/desktop-3.jpg\" alt=\"\" class=\"wp-image-52056\" style=\"border-radius:0px;aspect-ratio:3\/4;object-fit:cover\" srcset=\"https:\/\/www.rastinetroba.lt\/wp-content\/uploads\/desktop-3.jpg 1260w, https:\/\/www.rastinetroba.lt\/wp-content\/uploads\/desktop-3-300x225.jpg 300w, https:\/\/www.rastinetroba.lt\/wp-content\/uploads\/desktop-3-1024x768.jpg 1024w, https:\/\/www.rastinetroba.lt\/wp-content\/uploads\/desktop-3-768x576.jpg 768w\" sizes=\"auto, (max-width: 1260px) 100vw, 1260px\" \/><\/figure>\n<\/div>\n\n\n\n<div class=\"wp-block-column is-vertically-aligned-top is-layout-flow wp-container-core-column-is-layout-2 wp-block-column-is-layout-flow\" style=\"padding-top:0;padding-right:var(--wp--preset--spacing--superbspacing-small);padding-bottom:0;padding-left:var(--wp--preset--spacing--superbspacing-small)\">\n<div class=\"wp-block-group is-layout-flow wp-container-core-group-is-layout-5 wp-block-group-is-layout-flow\" style=\"padding-top:0;padding-bottom:0\">\n<h1 class=\"wp-block-heading has-text-align-left has-superbfont-large-font-size\" style=\"line-height:1.2\">NATURAL<\/h1>\n\n\n\n<p class=\"has-text-align-left has-contrast-dark-color has-text-color has-superbfont-small-font-size\">With our innovations, your family can have a healthy, sustainable and ecological high-tech home<\/p>\n<\/div>\n\n\n\n<div class=\"wp-block-group has-global-padding is-content-justification-left is-layout-constrained wp-container-core-group-is-layout-6 wp-block-group-is-layout-constrained\" style=\"padding-top:0;padding-right:0;padding-bottom:0;padding-left:0\">\n<hr class=\"wp-block-separator has-text-color has-alpha-channel-opacity has-background is-style-default\" style=\"margin-top:var(--wp--preset--spacing--superbspacing-xxsmall);margin-bottom:var(--wp--preset--spacing--superbspacing-xxsmall);background-color:#4a4a4a;color:#4a4a4a\"\/>\n<\/div>\n\n\n\n<div class=\"wp-block-group is-layout-flow wp-container-core-group-is-layout-7 wp-block-group-is-layout-flow\" style=\"padding-top:0;padding-bottom:0\">\n<h1 class=\"wp-block-heading has-text-align-left has-superbfont-large-font-size\" style=\"line-height:1.2\">STRONG<\/h1>\n\n\n\n<p class=\"has-text-align-left has-contrast-dark-color has-text-color has-superbfont-small-font-size\">We use time proven traditional methods in combination with hand-selected timber to ensure optimum building strength<\/p>\n<\/div>\n\n\n\n<div class=\"wp-block-group has-global-padding is-content-justification-left is-layout-constrained wp-container-core-group-is-layout-8 wp-block-group-is-layout-constrained\">\n<hr class=\"wp-block-separator has-text-color has-alpha-channel-opacity has-background is-style-default\" style=\"margin-top:var(--wp--preset--spacing--superbspacing-xxsmall);margin-bottom:var(--wp--preset--spacing--superbspacing-xxsmall);background-color:#4a4a4a;color:#4a4a4a\"\/>\n<\/div>\n\n\n\n<div class=\"wp-block-group is-layout-flow wp-container-core-group-is-layout-9 wp-block-group-is-layout-flow\">\n<h1 class=\"wp-block-heading has-text-align-left has-superbfont-large-font-size\" style=\"line-height:1.2\">UNIQUE<\/h1>\n\n\n\n<p class=\"has-text-align-left has-contrast-dark-color has-text-color has-superbfont-small-font-size\">We bring you freedom of imagination and opportunity of living in a genuine hand-crafted log house<\/p>\n<\/div>\n\n\n\n<div class=\"wp-block-group has-global-padding is-content-justification-left is-layout-constrained wp-container-core-group-is-layout-10 wp-block-group-is-layout-constrained\">\n<hr class=\"wp-block-separator has-text-color has-alpha-channel-opacity has-background is-style-default\" style=\"margin-top:var(--wp--preset--spacing--superbspacing-xxsmall);margin-bottom:var(--wp--preset--spacing--superbspacing-xxsmall);background-color:#4a4a4a;color:#4a4a4a\"\/>\n<\/div>\n\n\n\n<div class=\"wp-block-group is-layout-flow wp-container-core-group-is-layout-11 wp-block-group-is-layout-flow\">\n<h1 class=\"wp-block-heading has-text-align-left has-superbfont-large-font-size\" style=\"line-height:1.2\">TIMELESS<\/h1>\n\n\n\n<p class=\"has-text-align-left has-contrast-dark-color has-text-color has-superbfont-small-font-size\">We always uphold the highest standards of quality and craftsmanship that lasts for decades<\/p>\n<\/div>\n<\/div>\n<\/div>\n<\/div>\n\n\n\n<hr class=\"wp-block-separator has-text-color has-alpha-channel-opacity has-background is-style-wide\" style=\"margin-top:var(--wp--preset--spacing--superbspacing-xsmall);margin-bottom:var(--wp--preset--spacing--superbspacing-xsmall);background-color:#898989;color:#898989\"\/>\n\n\n\n<div class=\"wp-block-group alignfull has-contrast-light-background-color has-background has-global-padding is-layout-constrained wp-container-core-group-is-layout-18 wp-block-group-is-layout-constrained\" style=\"margin-top:0;margin-bottom:0;padding-top:var(--wp--preset--spacing--superbspacing-large);padding-right:0;padding-bottom:var(--wp--preset--spacing--superbspacing-large);padding-left:0\">\n<div class=\"wp-block-columns alignwide is-layout-flex wp-container-core-columns-is-layout-2 wp-block-columns-is-layout-flex\">\n<div class=\"wp-block-column is-vertically-aligned-top is-layout-flow wp-container-core-column-is-layout-3 wp-block-column-is-layout-flow\" style=\"padding-top:0;padding-right:var(--wp--preset--spacing--superbspacing-small);padding-bottom:0;padding-left:var(--wp--preset--spacing--superbspacing-small)\">\n<div class=\"wp-block-group is-layout-flow wp-container-core-group-is-layout-13 wp-block-group-is-layout-flow\">\n<h1 class=\"wp-block-heading has-text-align-left has-superbfont-large-font-size\" style=\"line-height:1.2\">Principal<\/h1>\n\n\n\n<p class=\"has-text-align-left has-contrast-dark-color has-text-color has-superbfont-small-font-size\">Our timber constructions are assembled indoors and reassembled on final location<\/p>\n<\/div>\n\n\n\n<div class=\"wp-block-group has-global-padding is-content-justification-left is-layout-constrained wp-container-core-group-is-layout-14 wp-block-group-is-layout-constrained\">\n<hr class=\"wp-block-separator has-text-color has-alpha-channel-opacity has-background is-style-default\" style=\"margin-top:0;margin-bottom:0;background-color:#4a4a4a;color:#4a4a4a\"\/>\n<\/div>\n\n\n\n<div class=\"wp-block-group is-layout-flow wp-container-core-group-is-layout-15 wp-block-group-is-layout-flow\">\n<h1 class=\"wp-block-heading has-text-align-left has-superbfont-large-font-size\" style=\"line-height:1.2\">Quality<\/h1>\n\n\n\n<p class=\"has-text-align-left has-contrast-dark-color has-text-color has-superbfont-small-font-size\">All work from carvings to roof is performed by qualified specialists<\/p>\n<\/div>\n\n\n\n<div class=\"wp-block-group has-global-padding is-content-justification-left is-layout-constrained wp-container-core-group-is-layout-16 wp-block-group-is-layout-constrained\">\n<hr class=\"wp-block-separator has-text-color has-alpha-channel-opacity has-background is-style-default\" style=\"margin-top:var(--wp--preset--spacing--superbspacing-xxsmall);margin-bottom:var(--wp--preset--spacing--superbspacing-xxsmall);background-color:#4a4a4a;color:#4a4a4a\"\/>\n<\/div>\n\n\n\n<div class=\"wp-block-group is-layout-flow wp-container-core-group-is-layout-17 wp-block-group-is-layout-flow\">\n<h1 class=\"wp-block-heading has-text-align-left has-superbfont-large-font-size\" style=\"line-height:1.2\">Guarantee<\/h1>\n\n\n\n<p class=\"has-text-align-left has-contrast-dark-color has-text-color has-superbfont-small-font-size\">We work with special care and responsibility ensuring all our clients are satisfied<\/p>\n<\/div>\n<\/div>\n\n\n\n<div class=\"wp-block-column is-vertically-aligned-center is-layout-flow wp-container-core-column-is-layout-4 wp-block-column-is-layout-flow\" style=\"padding-right:0;padding-bottom:0;padding-left:0\">\n<figure class=\"wp-block-image size-large has-custom-border\"><img loading=\"lazy\" decoding=\"async\" width=\"1024\" height=\"768\" src=\"https:\/\/www.rastinetroba.lt\/wp-content\/uploads\/desktop-2-1024x768.jpg\" alt=\"\" class=\"wp-image-52064\" style=\"border-radius:0px;aspect-ratio:3\/4;object-fit:cover\" srcset=\"https:\/\/www.rastinetroba.lt\/wp-content\/uploads\/desktop-2-1024x768.jpg 1024w, https:\/\/www.rastinetroba.lt\/wp-content\/uploads\/desktop-2-300x225.jpg 300w, https:\/\/www.rastinetroba.lt\/wp-content\/uploads\/desktop-2-768x576.jpg 768w, https:\/\/www.rastinetroba.lt\/wp-content\/uploads\/desktop-2-1536x1152.jpg 1536w, https:\/\/www.rastinetroba.lt\/wp-content\/uploads\/desktop-2-2048x1536.jpg 2048w\" sizes=\"auto, (max-width: 1024px) 100vw, 1024px\" \/><\/figure>\n<\/div>\n<\/div>\n<\/div>\n\n\n\n<hr class=\"wp-block-separator has-text-color has-alpha-channel-opacity has-background is-style-wide\" style=\"margin-top:var(--wp--preset--spacing--superbspacing-medium);margin-bottom:var(--wp--preset--spacing--superbspacing-medium);background-color:#898989;color:#898989\"\/>\n<\/div>\n\n\n\n<p><\/p>","protected":false},"excerpt":{"rendered":"<p>R\u0104STIN\u0116 TROBA M\u016aS\u0172 PASLAUGOS Statome r\u0105stinius namus Lietuvos bei Norvegijos rinkoms atsi\u017evelgdami \u012f sveik\u0105, nat\u016brali\u0105 bei ekologi\u0161k\u0105 gyvensen\u0105. M\u016bs\u0173 visi projektai yra \u012fgyvendinami naudojant tik auk\u0161\u010diausios kokyb\u0117s lietuvi\u0161kas pu\u0161is pasitelkiant beveik 20 met\u0173 patirt\u012f ir \u017einias. NAT\u016aRAL\u016aS Pasitelkdami technines naujoves, kuriame ir statome ekologi\u0161kus namus j\u016bs\u0173 \u0161eimai TVIRTI Naudojame laiko patikrintus tradicinius metodus bei kruop\u0161\u010diai [&hellip;]<\/p>","protected":false},"author":1,"featured_media":52032,"parent":0,"menu_order":0,"comment_status":"closed","ping_status":"closed","template":"","meta":{"footnotes":""},"class_list":["post-52015","page","type-page","status-publish","has-post-thumbnail","hentry"],"yoast_head":"<!-- This site is optimized with the Yoast SEO plugin v24.6 - https:\/\/yoast.com\/wordpress\/plugins\/seo\/ -->\n<title>Pradinis - R\u0105stiniai namai<\/title>\n<meta name=\"description\" content=\"Statome \u012fvairius r\u0105stinius namus Lietuvoje ir Norvegijoje.\" \/>\n<meta name=\"robots\" content=\"index, follow, max-snippet:-1, max-image-preview:large, max-video-preview:-1\" \/>\n<link rel=\"canonical\" href=\"https:\/\/www.rastinetroba.lt\/en\/\" \/>\n<meta property=\"og:locale\" content=\"en_US\" \/>\n<meta property=\"og:type\" content=\"article\" \/>\n<meta property=\"og:title\" content=\"Pradinis - R\u0105stiniai namai\" \/>\n<meta property=\"og:description\" content=\"Statome \u012fvairius r\u0105stinius namus Lietuvoje ir Norvegijoje.\" \/>\n<meta property=\"og:url\" content=\"https:\/\/www.rastinetroba.lt\/en\/\" \/>\n<meta property=\"og:site_name\" content=\"R\u0105stiniai namai\" \/>\n<meta property=\"article:publisher\" content=\"https:\/\/www.facebook.com\/profile.php?id=100054338569781\" \/>\n<meta property=\"article:modified_time\" content=\"2025-03-16T12:49:44+00:00\" \/>\n<meta property=\"og:image\" content=\"https:\/\/www.rastinetroba.lt\/wp-content\/uploads\/pagrindinis_1-scaled.jpg\" \/>\n\t<meta property=\"og:image:width\" content=\"2560\" \/>\n\t<meta property=\"og:image:height\" content=\"1264\" \/>\n\t<meta property=\"og:image:type\" content=\"image\/jpeg\" \/>\n<meta name=\"twitter:card\" content=\"summary_large_image\" \/>\n<meta name=\"twitter:label1\" content=\"Est. reading time\" \/>\n\t<meta name=\"twitter:data1\" content=\"2 minutes\" \/>\n<script type=\"application\/ld+json\" class=\"yoast-schema-graph\">{\"@context\":\"https:\/\/schema.org\",\"@graph\":[{\"@type\":\"WebPage\",\"@id\":\"https:\/\/www.rastinetroba.lt\/\",\"url\":\"https:\/\/www.rastinetroba.lt\/\",\"name\":\"Pradinis - R\u0105stiniai namai\",\"isPartOf\":{\"@id\":\"https:\/\/www.rastinetroba.lt\/#website\"},\"primaryImageOfPage\":{\"@id\":\"https:\/\/www.rastinetroba.lt\/#primaryimage\"},\"image\":{\"@id\":\"https:\/\/www.rastinetroba.lt\/#primaryimage\"},\"thumbnailUrl\":\"https:\/\/www.rastinetroba.lt\/wp-content\/uploads\/pagrindinis_1-scaled.jpg\",\"datePublished\":\"2025-03-15T11:53:04+00:00\",\"dateModified\":\"2025-03-16T12:49:44+00:00\",\"description\":\"Statome \u012fvairius r\u0105stinius namus Lietuvoje ir Norvegijoje.\",\"breadcrumb\":{\"@id\":\"https:\/\/www.rastinetroba.lt\/#breadcrumb\"},\"inLanguage\":\"en-US\",\"potentialAction\":[{\"@type\":\"ReadAction\",\"target\":[\"https:\/\/www.rastinetroba.lt\/\"]}]},{\"@type\":\"ImageObject\",\"inLanguage\":\"en-US\",\"@id\":\"https:\/\/www.rastinetroba.lt\/#primaryimage\",\"url\":\"https:\/\/www.rastinetroba.lt\/wp-content\/uploads\/pagrindinis_1-scaled.jpg\",\"contentUrl\":\"https:\/\/www.rastinetroba.lt\/wp-content\/uploads\/pagrindinis_1-scaled.jpg\",\"width\":2560,\"height\":1264},{\"@type\":\"BreadcrumbList\",\"@id\":\"https:\/\/www.rastinetroba.lt\/#breadcrumb\",\"itemListElement\":[{\"@type\":\"ListItem\",\"position\":1,\"name\":\"Home\",\"item\":\"https:\/\/www.rastinetroba.lt\/\"},{\"@type\":\"ListItem\",\"position\":2,\"name\":\"Pradinis\"}]},{\"@type\":\"WebSite\",\"@id\":\"https:\/\/www.rastinetroba.lt\/#website\",\"url\":\"https:\/\/www.rastinetroba.lt\/\",\"name\":\"R\u0105stiniai namai\",\"description\":\"R\u0105stiniai namai\",\"publisher\":{\"@id\":\"https:\/\/www.rastinetroba.lt\/#organization\"},\"potentialAction\":[{\"@type\":\"SearchAction\",\"target\":{\"@type\":\"EntryPoint\",\"urlTemplate\":\"https:\/\/www.rastinetroba.lt\/?s={search_term_string}\"},\"query-input\":{\"@type\":\"PropertyValueSpecification\",\"valueRequired\":true,\"valueName\":\"search_term_string\"}}],\"inLanguage\":\"en-US\"},{\"@type\":\"Organization\",\"@id\":\"https:\/\/www.rastinetroba.lt\/#organization\",\"name\":\"R\u0105stiniai namai\",\"url\":\"https:\/\/www.rastinetroba.lt\/\",\"logo\":{\"@type\":\"ImageObject\",\"inLanguage\":\"en-US\",\"@id\":\"https:\/\/www.rastinetroba.lt\/#\/schema\/logo\/image\/\",\"url\":\"https:\/\/www.rastinetroba.lt\/wp-content\/uploads\/logo.png\",\"contentUrl\":\"https:\/\/www.rastinetroba.lt\/wp-content\/uploads\/logo.png\",\"width\":130,\"height\":130,\"caption\":\"R\u0105stiniai namai\"},\"image\":{\"@id\":\"https:\/\/www.rastinetroba.lt\/#\/schema\/logo\/image\/\"},\"sameAs\":[\"https:\/\/www.facebook.com\/profile.php?id=100054338569781\"]}]}<\/script>\n<!-- \/ Yoast SEO plugin. -->","yoast_head_json":{"title":"Pradinis - R\u0105stiniai namai","description":"Statome \u012fvairius r\u0105stinius namus Lietuvoje ir Norvegijoje.","robots":{"index":"index","follow":"follow","max-snippet":"max-snippet:-1","max-image-preview":"max-image-preview:large","max-video-preview":"max-video-preview:-1"},"canonical":"https:\/\/www.rastinetroba.lt\/en\/","og_locale":"en_US","og_type":"article","og_title":"Pradinis - R\u0105stiniai namai","og_description":"Statome \u012fvairius r\u0105stinius namus Lietuvoje ir Norvegijoje.","og_url":"https:\/\/www.rastinetroba.lt\/en\/","og_site_name":"R\u0105stiniai namai","article_publisher":"https:\/\/www.facebook.com\/profile.php?id=100054338569781","article_modified_time":"2025-03-16T12:49:44+00:00","og_image":[{"width":2560,"height":1264,"url":"https:\/\/www.rastinetroba.lt\/wp-content\/uploads\/pagrindinis_1-scaled.jpg","type":"image\/jpeg"}],"twitter_card":"summary_large_image","twitter_misc":{"Est. reading time":"2 minutes"},"schema":{"@context":"https:\/\/schema.org","@graph":[{"@type":"WebPage","@id":"https:\/\/www.rastinetroba.lt\/","url":"https:\/\/www.rastinetroba.lt\/","name":"Pradinis - R\u0105stiniai namai","isPartOf":{"@id":"https:\/\/www.rastinetroba.lt\/#website"},"primaryImageOfPage":{"@id":"https:\/\/www.rastinetroba.lt\/#primaryimage"},"image":{"@id":"https:\/\/www.rastinetroba.lt\/#primaryimage"},"thumbnailUrl":"https:\/\/www.rastinetroba.lt\/wp-content\/uploads\/pagrindinis_1-scaled.jpg","datePublished":"2025-03-15T11:53:04+00:00","dateModified":"2025-03-16T12:49:44+00:00","description":"Statome \u012fvairius r\u0105stinius namus Lietuvoje ir Norvegijoje.","breadcrumb":{"@id":"https:\/\/www.rastinetroba.lt\/#breadcrumb"},"inLanguage":"en-US","potentialAction":[{"@type":"ReadAction","target":["https:\/\/www.rastinetroba.lt\/"]}]},{"@type":"ImageObject","inLanguage":"en-US","@id":"https:\/\/www.rastinetroba.lt\/#primaryimage","url":"https:\/\/www.rastinetroba.lt\/wp-content\/uploads\/pagrindinis_1-scaled.jpg","contentUrl":"https:\/\/www.rastinetroba.lt\/wp-content\/uploads\/pagrindinis_1-scaled.jpg","width":2560,"height":1264},{"@type":"BreadcrumbList","@id":"https:\/\/www.rastinetroba.lt\/#breadcrumb","itemListElement":[{"@type":"ListItem","position":1,"name":"Home","item":"https:\/\/www.rastinetroba.lt\/"},{"@type":"ListItem","position":2,"name":"Pradinis"}]},{"@type":"WebSite","@id":"https:\/\/www.rastinetroba.lt\/#website","url":"https:\/\/www.rastinetroba.lt\/","name":"R\u0105stiniai namai","description":"R\u0105stiniai namai","publisher":{"@id":"https:\/\/www.rastinetroba.lt\/#organization"},"potentialAction":[{"@type":"SearchAction","target":{"@type":"EntryPoint","urlTemplate":"https:\/\/www.rastinetroba.lt\/?s={search_term_string}"},"query-input":{"@type":"PropertyValueSpecification","valueRequired":true,"valueName":"search_term_string"}}],"inLanguage":"en-US"},{"@type":"Organization","@id":"https:\/\/www.rastinetroba.lt\/#organization","name":"R\u0105stiniai namai","url":"https:\/\/www.rastinetroba.lt\/","logo":{"@type":"ImageObject","inLanguage":"en-US","@id":"https:\/\/www.rastinetroba.lt\/#\/schema\/logo\/image\/","url":"https:\/\/www.rastinetroba.lt\/wp-content\/uploads\/logo.png","contentUrl":"https:\/\/www.rastinetroba.lt\/wp-content\/uploads\/logo.png","width":130,"height":130,"caption":"R\u0105stiniai namai"},"image":{"@id":"https:\/\/www.rastinetroba.lt\/#\/schema\/logo\/image\/"},"sameAs":["https:\/\/www.facebook.com\/profile.php?id=100054338569781"]}]}},"_links":{"self":[{"href":"https:\/\/www.rastinetroba.lt\/en\/wp-json\/wp\/v2\/pages\/52015","targetHints":{"allow":["GET"]}}],"collection":[{"href":"https:\/\/www.rastinetroba.lt\/en\/wp-json\/wp\/v2\/pages"}],"about":[{"href":"https:\/\/www.rastinetroba.lt\/en\/wp-json\/wp\/v2\/types\/page"}],"author":[{"embeddable":true,"href":"https:\/\/www.rastinetroba.lt\/en\/wp-json\/wp\/v2\/users\/1"}],"replies":[{"embeddable":true,"href":"https:\/\/www.rastinetroba.lt\/en\/wp-json\/wp\/v2\/comments?post=52015"}],"version-history":[{"count":10,"href":"https:\/\/www.rastinetroba.lt\/en\/wp-json\/wp\/v2\/pages\/52015\/revisions"}],"predecessor-version":[{"id":52156,"href":"https:\/\/www.rastinetroba.lt\/en\/wp-json\/wp\/v2\/pages\/52015\/revisions\/52156"}],"wp:featuredmedia":[{"embeddable":true,"href":"https:\/\/www.rastinetroba.lt\/en\/wp-json\/wp\/v2\/media\/52032"}],"wp:attachment":[{"href":"https:\/\/www.rastinetroba.lt\/en\/wp-json\/wp\/v2\/media?parent=52015"}],"curies":[{"name":"wp","href":"https:\/\/api.w.org\/{rel}","templated":true}]}}